{"id":60,"date":"2020-05-04T23:07:35","date_gmt":"2020-05-04T23:07:35","guid":{"rendered":"http:\/\/nomasafpmagallanes.cl\/?page_id=60"},"modified":"2020-07-01T18:39:23","modified_gmt":"2020-07-01T22:39:23","slug":"desde-magallanes-decimos-noafp","status":"publish","type":"page","link":"https:\/\/nomasafpmagallanes.cl\/index.php\/desde-magallanes-decimos-noafp\/","title":{"rendered":"QUIENES SOMOS"},"content":{"rendered":"\n<p>La Coordinadora NO+AFP Magallanes est\u00e1 conformada por voluntarios, representantes de movimientos sociales, gremios, sindicatos, estudiantes, trabajadores y profesionales. Nuestra causa com\u00fan es exigir la eliminaci\u00f3n y cambio del actual sistema de capitalizaci\u00f3n individual de fondos de pensiones. Decimos NO+AFP porque este ha demostrado su fracaso para los trabajadores que deben jubilarse con pensiones miserables, mientras es un sistema de lujo para los inversionistas que juegan a hacer ganancias con nuestro dinero.<\/p>\n\n\n\n<p>En esta p\u00e1gina iremos acumulando informaci\u00f3n, noticias, notas educativas, y documentaci\u00f3n que no est\u00e1 facilmente accesible en otro lugar.<\/p>\n\n\n\n<p>#DerogarDL3500 #NOmasAFP<\/p>\n\n\n\n<p><strong>Nos puede encontrar tambi\u00e9n en otros medios sociales:<\/strong><\/p>\n\n\n\n<p>Nuestro contacto email: coordinadoramagallanes@gmail.com<\/p>\n\n\n\n<p><a href=\"http:\/\/facebook.com\/coordinadoramagallanes\">http:\/\/facebook.com\/coordinadoramagallanes<\/a><\/p>\n\n\n\n<p><a href=\"http:\/\/twitter.com\/coordmagallanes\">http:\/\/twitter.com\/coordmagallanes<\/a><\/p>\n\n\n\n<p><a href=\"http:\/\/instagram.com\/coordinadoramagallanes\">http:\/\/instagram.com\/coordinadoramagallanes<\/a><\/p>\n\n\n\n<p><a href=\"http:\/\/youtube.com\/channel\/UCiKpfczBdFWgi4eGAHHx03Q\/\">http:\/\/youtube.com\/channel\/UCiKpfczBdFWgi4eGAHHx03Q\/<\/a><\/p>\n","protected":false},"excerpt":{"rendered":"<p>La Coordinadora NO+AFP Magallanes est\u00e1 conformada por voluntarios, representantes de movimientos sociales, gremios, sindicatos, estudiantes, trabajadores y profesionales. Nuestra causa com\u00fan es exigir la eliminaci\u00f3n y cambio del actual sistema de capitalizaci\u00f3n individual de fondos de pensiones. Decimos NO+AFP porque este ha demostrado su fracaso para los trabajadores que deben jubilarse con pensiones miserables, mientras &hellip; <a href=\"https:\/\/nomasafpmagallanes.cl\/index.php\/desde-magallanes-decimos-noafp\/\" class=\"more-link\">Continua leyendo<span class=\"screen-reader-text\"> &#8220;QUIENES SOMOS&#8221;<\/span><\/a><\/p>\n","protected":false},"author":1,"featured_media":0,"parent":0,"menu_order":0,"comment_status":"closed","ping_status":"closed","template":"","meta":{"footnotes":""},"class_list":["post-60","page","type-page","status-publish","hentry"],"_links":{"self":[{"href":"https:\/\/nomasafpmagallanes.cl\/index.php\/wp-json\/wp\/v2\/pages\/60","targetHints":{"allow":["GET"]}}],"collection":[{"href":"https:\/\/nomasafpmagallanes.cl\/index.php\/wp-json\/wp\/v2\/pages"}],"about":[{"href":"https:\/\/nomasafpmagallanes.cl\/index.php\/wp-json\/wp\/v2\/types\/page"}],"author":[{"embeddable":true,"href":"https:\/\/nomasafpmagallanes.cl\/index.php\/wp-json\/wp\/v2\/users\/1"}],"replies":[{"embeddable":true,"href":"https:\/\/nomasafpmagallanes.cl\/index.php\/wp-json\/wp\/v2\/comments?post=60"}],"version-history":[{"count":7,"href":"https:\/\/nomasafpmagallanes.cl\/index.php\/wp-json\/wp\/v2\/pages\/60\/revisions"}],"predecessor-version":[{"id":151,"href":"https:\/\/nomasafpmagallanes.cl\/index.php\/wp-json\/wp\/v2\/pages\/60\/revisions\/151"}],"wp:attachment":[{"href":"https:\/\/nomasafpmagallanes.cl\/index.php\/wp-json\/wp\/v2\/media?parent=60"}],"curies":[{"name":"wp","href":"https:\/\/api.w.org\/{rel}","templated":true}]}}